{"id":526,"date":"2025-08-11T18:22:04","date_gmt":"2025-08-11T16:22:04","guid":{"rendered":"https:\/\/babys-in-bewegung.com\/new\/?page_id=526"},"modified":"2025-08-11T18:22:04","modified_gmt":"2025-08-11T16:22:04","slug":"privacy-policy","status":"publish","type":"page","link":"https:\/\/babys-in-bewegung.com\/new\/privacy-policy\/","title":{"rendered":"privacy-policy"},"content":{"rendered":"\n<h1 class=\"wp-block-heading\">Datenschutz<\/h1>\n\n\n\n<h4 class=\"wp-block-heading\">Wer wir sind<\/h4>\n\n\n\n<p>Die Adresse unserer Webseite lautet: www.babys-in-bewegung.com<\/p>\n\n\n\n<h4 class=\"wp-block-heading\">Datenschutzerkl\u00e4rung<\/h4>\n\n\n\n<p>Die Betreiber dieser Seiten nehmen den Schutz Ihrer pers\u00f6nlichen Daten sehr ernst. Wir behandeln Ihre personenbezogenen Daten vertraulich und entsprechend der gesetzlichen Datenschutzvorschriften sowie dieser Datenschutzerkl\u00e4rung.<br><br>Die Nutzung unserer Webseite ist in der Regel ohne Angabe personenbezogener Daten m\u00f6glich. Soweit auf unseren Seiten teilnehmerbezogene Daten (beispielsweise Name, Anschrift, Telefonnummern, eMail-Adressen) bzw. kursbezogene Daten (beispielsweise Name und Geburtsdatum des\/der Kindes\/Kinder) erhoben werden, erfolgt dies, soweit m\u00f6glich, stets auf freiwilliger Basis. Mit der Anmeldung gibt der Nutzer sein Einverst\u00e4ndnis zur maschinellen Verarbeitung und Speicherung aller eingetragenen Daten.<br><br>Diese Daten werden ohne Ihre ausdr\u00fcckliche Zustimmung nicht an Dritte weitergegeben. Den Grunds\u00e4tzen ordnungsgem\u00e4\u00dfer Datenverarbeitung und den gesetzlichen Anforderungen wird entsprochen. Die Speicherung der Daten erfolgt auf Servern innerhalb Deutschlands.<br><br>Wir weisen darauf hin, dass die Daten\u00fcbertragung im Internet (z.B. bei der Kommunikation per E-Mail) Sicherheitsl\u00fccken aufweisen kann. Ein l\u00fcckenloser Schutz der Daten vor dem Zugriff durch Dritte ist nicht m\u00f6glich.<\/p>\n\n\n\n<h4 class=\"wp-block-heading\">Kontaktformular<\/h4>\n\n\n\n<p>Wenn Sie uns per Kontaktformular Anfragen bzw. Anmeldungen zukommen lassen, werden Ihre Angaben aus dem <a href=\"file:\/\/\/W:\/pekip\/alt\/kontakt\/kontakt.php\">Kontaktformular<\/a> (beispielsweise Name, Anschrift, Telefonnummern, eMail-Adressen) bzw. kursbezogene Daten (beispielsweise Name und Geburtsdatum des\/der Kindes\/Kinder) inklusive der von Ihnen dort angegebenen Kontaktdaten zwecks Bearbeitung der Anfrage bzw. Anmeldung und f\u00fcr den Fall von Anschlussfragen bei uns gespeichert. Weiterhin kann es sein, dass Ihre IP-Adresse sowie Name und Version Ihres Browsers an uns \u00fcbermittelt werden. All diese Daten geben wir nicht ohne Ihre Einwilligung weiter.<\/p>\n\n\n\n<h4 class=\"wp-block-heading\">Verwendung von Cookies<\/h4>\n\n\n\n<p>Um unsere Webseite f\u00fcr Sie optimal zu gestalten und fortlaufend verbessern zu k\u00f6nnen, verwenden wir Cookies. Cookies (engl. \u201eKekse\u201c) sind Daten, die eine Webseite auf Ihrem Computer zwischenspeichert, wenn Sie diese besuchen. Wir verwenden Cookies ausschlie\u00dflich zur Durchf\u00fchrung unserer Gesch\u00e4ftsaktivit\u00e4ten, jedoch keinesfalls, um Ihnen personalisierte Werbung anzeigen zu k\u00f6nnen oder Ihr Verhalten im Internet zu analysieren. Durch die weitere Nutzung der Webseite stimmen Sie der Verwendung von Cookies zu.<\/p>\n\n\n\n<h4 class=\"wp-block-heading\">Analysedienste<\/h4>\n\n\n\n<p>Unsere Internetseiten arbeiten nicht mit Google und\/oder damit zusammenh\u00e4ngenden Unternehmen oder Diensten. Wir verwenden keine Plugins von Facebook oder anderen sozialen Netzwerken.<\/p>\n\n\n\n<h4 class=\"wp-block-heading\">Mit wem wir Ihre Daten teilen<\/h4>\n\n\n\n<p>Wir teilen Ihre Daten standardm\u00e4\u00dfig mit niemandem au\u00dfer mit der von uns verwendeten \u201eTeilnehmerverwaltung KurVe\u201c (siehe weiter unten).<\/p>\n\n\n\n<h4 class=\"wp-block-heading\">Wie lange wir Ihre Daten speichern<\/h4>\n\n\n\n<p>Wir speichern Ihre Daten nur so lange, wie es f\u00fcr die Durchf\u00fchrung unserer Gesch\u00e4ftsaktivit\u00e4ten und gem\u00e4\u00df den gesetzlichen Anforderungen an eine ordnungsgem\u00e4\u00dfe Buchf\u00fchrung bzw. ggf. anfallende Pr\u00fcfungen durch die Finanzbeh\u00f6rden unbedingt erforderlich ist.<br>Anmerkung: die gesetzliche Aufbewahrungsfrist f\u00fcr steuerlich relevante Daten betr\u00e4gt 10 Jahre. Die von uns gestellten Rechnungen und ggf. dazugeh\u00f6rige Teilnehmerdaten (z.B. Name, Adresse, Telefonnummer) unterliegen dieser Frist.<\/p>\n\n\n\n<h4 class=\"wp-block-heading\">Wie wir Ihre Daten sch\u00fctzen<\/h4>\n\n\n\n<p>Grunds\u00e4tzlich haben nur die Administratoren dieser Seite Zugriff auf die von Ihnen angegeben Daten. Administratoren sind die die PEKiP-Kurse durchf\u00fchrende Person sowie der mit der Betreuung dieser Seite beauftragte Angeh\u00f6rige ihrer Familie. Nur diese Personen haben Zugriff auf die Daten, die \u00fcber diese Seite verarbeitet werden.<br>Dank einer SSL-Verschl\u00fcsselung dieser Website sind alle Daten, die Sie auf dieser Seite eintragen und gegebenenfalls an uns \u00fcbermitteln, vor dem Zugriff Dritter gesch\u00fctzt.<\/p>\n\n\n\n<h4 class=\"wp-block-heading\">Welche Ma\u00dfnahmen wir bei Datenschutzverletzungen anbieten<\/h4>\n\n\n\n<p>Sollte es zu einem Bruch in unserem Datenschutz kommen, k\u00f6nnen Sie uns gerne direkt kontaktieren, damit wir eine individuelle L\u00f6sung zur Sicherung, Aufbewahrung oder L\u00f6schung Ihrer Daten finden k\u00f6nnen. Kontaktieren Sie uns dazu bitte \u00fcber das <a href=\"file:\/\/\/W:\/pekip\/alt\/kontakt\/kontakt.php\">Kontaktformular<\/a>.<\/p>\n\n\n\n<h4 class=\"wp-block-heading\">Betroffenenrechte<\/h4>\n\n\n\n<p>Als betroffene Person haben Sie nach Art. 15 ff. DSGVO folgende Rechte.<br>Wir geben Ihnen gerne Auskunft \u00fcber die von Ihnen gespeicherten Daten \u2013 verwenden Sie dazu gerne unser <a href=\"file:\/\/\/W:\/pekip\/alt\/kontakt\/kontakt.php\">Kontaktformular<\/a>. Zus\u00e4tzlich k\u00f6nnen Sie jederzeit die Berichtigung, L\u00f6schung, Sperrung oder \u00dcbertragung Ihrer Daten bei uns verlangen. Weiterhin k\u00f6nnen Sie sich an die Aufsichtsbeh\u00f6rde wenden. Eine \u00dcbertragung Ihrer Interessenten- oder Kunden-Daten, die Sie in Onlineformularen eingeben, in ein Drittland findet nicht statt.<\/p>\n\n\n\n<h4 class=\"wp-block-heading\">Widerruf<\/h4>\n\n\n\n<p>Abgegebene Einwilligungen k\u00f6nnen Sie jederzeit widerrufen. Der Widerruf kann ohne Angabe von Gr\u00fcnden, formlos und mit Wirkung f\u00fcr die Zukunft geschehen. Verwenden Sie dazu gerne unser <a href=\"file:\/\/\/W:\/pekip\/alt\/kontakt\/kontakt.php\">Kontaktformular<\/a>.<\/p>\n\n\n\n<h4 class=\"wp-block-heading\">Eingebettete Inhalte von anderen Websites<\/h4>\n\n\n\n<p>Beitr\u00e4ge auf dieser Website k\u00f6nnen eingebettete Inhalte beinhalten (z. B. Videos, Bilder, Beitr\u00e4ge etc.). Eingebettete Inhalte von anderen Websites verhalten sich exakt so, als ob der Besucher die andere Website besucht h\u00e4tte.<br>Diese Websites k\u00f6nnen Daten \u00fcber Sie sammeln, Cookies benutzen, zus\u00e4tzliche Tracking-Dienste von Dritten einbetten und Ihre Interaktion mit diesem eingebetteten Inhalt aufzeichnen, inklusive Ihrer Interaktion mit dem eingebetteten Inhalt, falls Sie ein Konto haben und auf dieser Website angemeldet sind.<\/p>\n\n\n\n<h4 class=\"wp-block-heading\">Zusatzerkl\u00e4rung zur Kursanmeldung mit der \u201eTeilnehmerverwaltung KurVe\u201c<\/h4>\n\n\n\n<p>Wir verwenden zur Anzeige unserer Kurse und zur Kursanmeldung ein Plugin\/einen Dienst einer Software namens \u201eTeilnehmerverwaltung KurVe\u201c. F\u00fcr diese Software gilt folgende separate Zusatzerkl\u00e4rung des Betreibers:<br><br>KurVe ist eine webbasierte Software zur Kursteilnehmerverwaltung, die von der \u201ekidsgo Verlag GmbH (kidsgo)\u201c unter Einbeziehung der Nutzer entwickelt wird. Den Grunds\u00e4tzen ordnungsgem\u00e4\u00dfer Datenverarbeitung und den gesetzlichen Anforderungen wird entsprochen.<br><br>Mit der Anmeldung gibt der Nutzer sein Einverst\u00e4ndnis zur maschinellen Verarbeitung und Speicherung aller eingetragener Daten. Dieses k\u00f6nnen sein:<br>a) teilnehmerbezogene Daten: Name, Vorname, Postadresse, eMail, Telefon etc.<br>b) kursbezogene Daten: Geburtsdatum des Kindes, Alter des Kindes, Name von Geschwisterkindern, Zahlungsmodalit\u00e4ten etc.<br><br>Es wird darauf geachtet, dass nur solche Daten erhoben werden, die f\u00fcr die Kursanmeldung unbedingt erforderlich sind. Teilnehmern entsteht kein Nachteil, wenn freiwillig auszuf\u00fcllende Felder (Feld ist nicht mit einem *gekennzeichnet) leer gelassen werden. Die Daten werden nur solange gespeichert, wie zur ordnungsgem\u00e4\u00dfen Durchf\u00fchrung des Kurses und etwaiger Folgekurse notwendig bzw. wie gesetzlich vorgeschrieben. Der Verarbeitung der personenbezogenen Daten kann jederzeit widersprochen werden; der Widerspruch kann postalisch oder per Mail (siehe Impressum) erfolgen. Sie k\u00f6nnen auch gerne unser <a href=\"file:\/\/\/W:\/pekip\/alt\/kontakt\/kontakt.php\">Kontaktformular<\/a> verwenden.<\/p>\n\n\n\n<h4 class=\"wp-block-heading\">Zusatzerkl\u00e4rung zu unserem Provider<\/h4>\n\n\n\n<p>Der Provider der Seiten (\u201eall-inkl.com\u201c) erhebt und speichert m\u00f6glicherweise automatisch Informationen, die Ihr Browser automatisch an den Provider \u00fcbermittelt. Dies k\u00f6nnen sein:<br>\u2013 Browsertyp\/Browserversion<br>\u2013 verwendetes Betriebssystem<br>\u2013 Referrer URL (die zuvor besuchte Seite)<br>\u2013 Hostname des zugreifenden Rechners<br>\u2013 Uhrzeit der Serveranfrage<\/p>\n","protected":false},"excerpt":{"rendered":"<p>Datenschutz Wer wir sind Die Adresse unserer Webseite lautet: www.babys-in-bewegung.com Datenschutzerkl\u00e4rung Die Betreiber dieser Seiten nehmen den Schutz Ihrer pers\u00f6nlichen Daten sehr ernst. Wir behandeln Ihre personenbezogenen Daten vertraulich und entsprechend der gesetzlichen Datenschutzvorschriften sowie dieser Datenschutzerkl\u00e4rung. Die Nutzung unserer Webseite ist in der Regel ohne Angabe personenbezogener Daten m\u00f6glich. Soweit auf unseren Seiten teilnehmerbezogene [&hellip;]<\/p>\n","protected":false},"author":2,"featured_media":0,"parent":0,"menu_order":0,"comment_status":"closed","ping_status":"closed","template":"","meta":{"site-sidebar-layout":"default","site-content-layout":"","ast-site-content-layout":"default","site-content-style":"default","site-sidebar-style":"default","ast-global-header-display":"","ast-banner-title-visibility":"","ast-main-header-display":"","ast-hfb-above-header-display":"","ast-hfb-below-header-display":"","ast-hfb-mobile-header-display":"","site-post-title":"","ast-breadcrumbs-content":"","ast-featured-img":"","footer-sml-layout":"","ast-disable-related-posts":"","theme-transparent-header-meta":"","adv-header-id-meta":"","stick-header-meta":"","header-above-stick-meta":"","header-main-stick-meta":"","header-below-stick-meta":"","astra-migrate-meta-layouts":"set","ast-page-background-enabled":"default","ast-page-background-meta":{"desktop":{"background-color":"","background-image":"","background-repeat":"repeat","background-position":"center center","background-size":"auto","background-attachment":"scroll","background-type":"","background-media":"","overlay-type":"","overlay-color":"","overlay-opacity":"","overlay-gradient":""},"tablet":{"background-color":"","background-image":"","background-repeat":"repeat","background-position":"center center","background-size":"auto","background-attachment":"scroll","background-type":"","background-media":"","overlay-type":"","overlay-color":"","overlay-opacity":"","overlay-gradient":""},"mobile":{"background-color":"","background-image":"","background-repeat":"repeat","background-position":"center center","background-size":"auto","background-attachment":"scroll","background-type":"","background-media":"","overlay-type":"","overlay-color":"","overlay-opacity":"","overlay-gradient":""}},"ast-content-background-meta":{"desktop":{"background-color":"var(--ast-global-color-5)","background-image":"","background-repeat":"repeat","background-position":"center center","background-size":"auto","background-attachment":"scroll","background-type":"","background-media":"","overlay-type":"","overlay-color":"","overlay-opacity":"","overlay-gradient":""},"tablet":{"background-color":"var(--ast-global-color-5)","background-image":"","background-repeat":"repeat","background-position":"center center","background-size":"auto","background-attachment":"scroll","background-type":"","background-media":"","overlay-type":"","overlay-color":"","overlay-opacity":"","overlay-gradient":""},"mobile":{"background-color":"var(--ast-global-color-5)","background-image":"","background-repeat":"repeat","background-position":"center center","background-size":"auto","background-attachment":"scroll","background-type":"","background-media":"","overlay-type":"","overlay-color":"","overlay-opacity":"","overlay-gradient":""}},"_themeisle_gutenberg_block_has_review":false,"footnotes":""},"class_list":["post-526","page","type-page","status-publish","hentry"],"_links":{"self":[{"href":"https:\/\/babys-in-bewegung.com\/new\/wp-json\/wp\/v2\/pages\/526","targetHints":{"allow":["GET"]}}],"collection":[{"href":"https:\/\/babys-in-bewegung.com\/new\/wp-json\/wp\/v2\/pages"}],"about":[{"href":"https:\/\/babys-in-bewegung.com\/new\/wp-json\/wp\/v2\/types\/page"}],"author":[{"embeddable":true,"href":"https:\/\/babys-in-bewegung.com\/new\/wp-json\/wp\/v2\/users\/2"}],"replies":[{"embeddable":true,"href":"https:\/\/babys-in-bewegung.com\/new\/wp-json\/wp\/v2\/comments?post=526"}],"version-history":[{"count":1,"href":"https:\/\/babys-in-bewegung.com\/new\/wp-json\/wp\/v2\/pages\/526\/revisions"}],"predecessor-version":[{"id":528,"href":"https:\/\/babys-in-bewegung.com\/new\/wp-json\/wp\/v2\/pages\/526\/revisions\/528"}],"wp:attachment":[{"href":"https:\/\/babys-in-bewegung.com\/new\/wp-json\/wp\/v2\/media?parent=526"}],"curies":[{"name":"wp","href":"https:\/\/api.w.org\/{rel}","templated":true}]}}