{"id":497,"date":"2025-07-29T22:57:00","date_gmt":"2025-07-29T20:57:00","guid":{"rendered":"https:\/\/babys-in-bewegung.com\/new\/?page_id=497"},"modified":"2026-01-26T14:47:57","modified_gmt":"2026-01-26T13:47:57","slug":"under-construction","status":"publish","type":"page","link":"https:\/\/babys-in-bewegung.com\/new\/","title":{"rendered":"babys-in-bewegung.com"},"content":{"rendered":"\n<figure class=\"wp-block-image size-full is-resized\"><img loading=\"lazy\" decoding=\"async\" width=\"605\" height=\"559\" src=\"https:\/\/babys-in-bewegung.com\/new\/wp-content\/uploads\/2025\/08\/PEKiP-Logo_Lina.png\" alt=\"\" class=\"wp-image-513\" style=\"width:137px;height:auto\" srcset=\"https:\/\/babys-in-bewegung.com\/new\/wp-content\/uploads\/2025\/08\/PEKiP-Logo_Lina.png 605w, https:\/\/babys-in-bewegung.com\/new\/wp-content\/uploads\/2025\/08\/PEKiP-Logo_Lina-300x277.png 300w\" sizes=\"auto, (max-width: 605px) 100vw, 605px\" \/><\/figure>\n\n\n\n<p>Liebe Eltern,<\/p>\n\n\n\n<p>willkommen zu meinen PEKiP-Kursen, die ich seit vielen Jahren gebe. Bitte lest euch meine aktuellen Teilnahmebedingungen durch, bevor ihr euch f\u00fcr einen Kurs anmeldet. Solltet ihr nur auf einer meiner Wartelisten landen, so besteht immer noch die M\u00f6glichkeit, nachtr\u00e4glich in einen Kurs zu rutschen. <strong>Bei Fragen kontaktiert mich gerne unter anke[at]babys-in-bewegung.com<\/strong>. <\/p>\n\n\n\n<p>Alles Liebe, Eure Anke<\/p>\n\n\n\n<p><em>PS: Aufgrund technischer Schwierigkeiten k\u00f6nnen wir unsere Internet-Seite derzeit nur eingeschr\u00e4nkt darstellen. Wir streben kurzfristig einen neuen Auftritt an.<\/em>  <\/p>\n\n\n\n<p> <script src=\"https:\/\/app.easy-feedback.com\/integration.js?id=tidSTUaQuk&#038;intid=WWRNWkFEazJMN1pjT3ovY1hmMWIvUT09\"><\/script> <\/p>\n\n\n\n<h1 class=\"wp-block-heading\" style=\"font-size:10px\">Meine Kurse<\/h1>\n\n\n\n<p style=\"font-size:12px\">\n<script type=\"text\/javascript\" id=\"extt_72393fa3a29eda0f249c9b62a707497f\" src=\"\/\/www.kidsgo.de\/mod\/kv\/extt_js\/72393fa3a29eda0f249c9b62a707497f\/10301\"><\/script>\n<\/p>\n\n\n\n<p><\/p>\n\n\n\n<h1 class=\"wp-block-heading\">Teilnahmebedingungen<\/h1>\n\n\n\n<figure class=\"wp-block-table\"><table class=\"has-fixed-layout\"><tbody><tr><td>Teilnahmebedingungen meiner PEKiP-Kurse (Stand: 12.08.2025)<\/td><\/tr><tr><td>1. Ein Kursplatz wird erst mit der schriftlichen Anmeldung und der Best\u00e4tigung durch die Gruppenleiterin verbindlich, wodurch eine Teilnahmegeb\u00fchr f\u00e4llig wird. <br>2. Die Teilnahme erfolgt grunds\u00e4tzlich in eigener Verantwortung und auf eigene Gefahr. Die Kinder unterliegen der Aufsichtspflicht der Eltern. <br>3. Ich schlie\u00dfe die Haftung f\u00fcr jegliche Sch\u00e4den aus, es sei denn, sie geschehen durch grobe Fahrl\u00e4ssigkeit oder Vorsatz meinerseits. Sch\u00e4den, die durch H\u00f6here Gewalt, wie z.B. Epidemien, Pandemien, Naturkatastrophen oder rechtliche Auflagen entstehen, sind ebenfalls von der Haftung ausgeschlossen. Die Teilnehmer:innen sind verpflichtet, selbstst\u00e4ndig f\u00fcr die Einhaltung gesetzlicher oder gesetzes\u00e4hnlicher Verordnungen und Bestimmungen Sorge zu tragen. <br>4. Ausgefallene Kursstunden einzelner Teilnehmer:innen k\u00f6nnen nicht gutgeschrieben oder r\u00fcckverg\u00fctet werden. F\u00fcr Treffen, die durch das Verschulden der Kursleiterin ausfallen, werden Ersatztermine angeboten. <br>5. Abmeldung: wer innerhalb eines Kurses nicht an einem der Folgebl\u00f6cke teilnehmen m\u00f6chte, muss sich bis sp\u00e4testens 2 Wochen vor Ende des aktuellen Blocks bei der Kursleiterin abmelden. Bei sp\u00e4terer Abmeldung muss die volle Kursgeb\u00fchr berechnet werden, sollte der Kursplatz nicht nachbesetzt werden k\u00f6nnen. <br>6. Pr\u00e4senzkurs : Online-Kurs<br>Ein als Pr\u00e4senzkurs geplanter Kurs kann seitens der Kursleiterin jederzeit bei Bedarf\/ aus aktuellem Anlass in einen Online-Videokurs umgewandelt werden. Hierbei besteht <strong>kein<\/strong> Anspruch auf R\u00fcckerstattung oder Teilerstattung der Kursgeb\u00fchr.<br><strong>Hinweis des Veranstalters:<\/strong> Sollte Ihnen die Teilnahme an einem Online-Videokurs nicht m\u00f6glich sein oder Sie diese kategorisch ausschlie\u00dfen, so empfehlen wir Ihnen, sich bei einem anderen Anbieter zu einem Kurs anzumelden, der seine Durchf\u00fchrung als Pr\u00e4senzkurs garantieren kann. <br>7. S\u00e4mtliche meiner Bedingungen erkennt jede:r Teilnehmer:in verbindlich mit der Anmeldung an. <br>8. Gerichtsstand ist Hamburg.<\/td><\/tr><\/tbody><\/table><\/figure>\n\n\n\n<p><\/p>\n\n\n\n<h1 class=\"wp-block-heading\">Impressum<\/h1>\n\n\n\n<figure class=\"wp-block-table\"><table class=\"has-fixed-layout\"><tbody><tr><td><strong>Betreiber der Seite<\/strong> (Anbieterkennung nach \u00a7 5 TMG)<\/td><td>Anke Habich<\/td><\/tr><tr><td><strong>Anschrift<\/strong><\/td><td>Siloahweg 4.c, 22457 Hamburg<\/td><\/tr><tr><td><strong>eMail<\/strong><\/td><td>anke[at]babys-in-bewegung.com<\/td><\/tr><\/tbody><\/table><\/figure>\n\n\n\n<p><\/p>\n\n\n\n<h1 class=\"wp-block-heading\">Disclaimer<\/h1>\n\n\n\n<p>Das Urteil vom 12. Mai 1998 des Landgerichts Hamburg besagt, dass man durch die Ausbringung eines Links die Inhalte der gelinkten Seite ggf. mit zu verantworten hat. Nach Angaben des Landgerichts kann dieses nur verhindert werden, wenn man sich ausdr\u00fccklich von diesen Inhalten distanziert.<\/p>\n\n\n\n<p>F\u00fcr alle auf meinen Seiten ausgestellten Links gilt, dass ich ausdr\u00fccklich erkl\u00e4re, dass ich keinen Einfluss auf die Gestaltung und die Inhalte der gelinkten Seiten habe und mir deren Inhalte nicht zu eigen mache.<\/p>\n\n\n\n<p>Diese Erkl\u00e4rung gilt f\u00fcr alle auf diesen Seiten angezeigten Links und f\u00fcr alle Inhalte der Seiten, die durch Banner oder Links auf diese Seiten f\u00fchren.<\/p>\n\n\n\n<p><\/p>\n\n\n\n<h1 class=\"wp-block-heading\">Datenschutz<\/h1>\n\n\n\n<h4 class=\"wp-block-heading\">Wer wir sind<\/h4>\n\n\n\n<p>Die Adresse unserer Webseite lautet: www.babys-in-bewegung.com<\/p>\n\n\n\n<h4 class=\"wp-block-heading\">Datenschutzerkl\u00e4rung<\/h4>\n\n\n\n<p>Die Betreiber dieser Seiten nehmen den Schutz Ihrer pers\u00f6nlichen Daten sehr ernst. Wir behandeln Ihre personenbezogenen Daten vertraulich und entsprechend der gesetzlichen Datenschutzvorschriften sowie dieser Datenschutzerkl\u00e4rung.<br><br>Die Nutzung unserer Webseite ist in der Regel ohne Angabe personenbezogener Daten m\u00f6glich. Soweit auf unseren Seiten teilnehmerbezogene Daten (beispielsweise Name, Anschrift, Telefonnummern, eMail-Adressen) bzw. kursbezogene Daten (beispielsweise Name und Geburtsdatum des\/der Kindes\/Kinder) erhoben werden, erfolgt dies, soweit m\u00f6glich, stets auf freiwilliger Basis. Mit der Anmeldung gibt der Nutzer sein Einverst\u00e4ndnis zur maschinellen Verarbeitung und Speicherung aller eingetragenen Daten.<br><br>Diese Daten werden ohne Ihre ausdr\u00fcckliche Zustimmung nicht an Dritte weitergegeben. Den Grunds\u00e4tzen ordnungsgem\u00e4\u00dfer Datenverarbeitung und den gesetzlichen Anforderungen wird entsprochen. Die Speicherung der Daten erfolgt auf Servern innerhalb Deutschlands.<br><br>Wir weisen darauf hin, dass die Daten\u00fcbertragung im Internet (z.B. bei der Kommunikation per E-Mail) Sicherheitsl\u00fccken aufweisen kann. Ein l\u00fcckenloser Schutz der Daten vor dem Zugriff durch Dritte ist nicht m\u00f6glich.<br><\/p>\n\n\n\n<h4 class=\"wp-block-heading\">Kontakt<\/h4>\n\n\n\n<p>Wenn Sie uns <s>per Kontaktformular Anfragen bzw.<\/s> Anmeldungen zukommen lassen, werden Ihre Angaben <s>aus dem Kontaktformular<\/s> (beispielsweise Name, Anschrift, Telefonnummern, eMail-Adressen) bzw. kursbezogene Daten (beispielsweise Name und Geburtsdatum des\/der Kindes\/Kinder) inklusive der von Ihnen dort angegebenen Kontaktdaten zwecks Bearbeitung der Anfrage bzw. Anmeldung und f\u00fcr den Fall von Anschlussfragen bei uns gespeichert. Weiterhin kann es sein, dass Ihre IP-Adresse sowie Name und Version Ihres Browsers an uns \u00fcbermittelt werden. All diese Daten geben wir nicht ohne Ihre Einwilligung weiter.<br><\/p>\n\n\n\n<h4 class=\"wp-block-heading\">Verwendung von Cookies<\/h4>\n\n\n\n<p>Um unsere Webseite f\u00fcr Sie optimal zu gestalten und fortlaufend verbessern zu k\u00f6nnen, verwenden wir Cookies. Cookies (engl. &#8222;Kekse&#8220;) sind Daten, die eine Webseite auf Ihrem Computer zwischenspeichert, wenn Sie diese besuchen. Wir verwenden Cookies ausschlie\u00dflich zur Durchf\u00fchrung unserer Gesch\u00e4ftsaktivit\u00e4ten, jedoch keinesfalls, um Ihnen personalisierte Werbung anzeigen zu k\u00f6nnen oder Ihr Verhalten im Internet zu analysieren. Durch die weitere Nutzung der Webseite stimmen Sie der Verwendung von Cookies zu.<br><\/p>\n\n\n\n<h4 class=\"wp-block-heading\">Analysedienste<\/h4>\n\n\n\n<p>Unsere Internetseiten arbeiten nicht mit Google und\/oder damit zusammenh\u00e4ngenden Unternehmen oder Diensten. Wir verwenden keine Plugins von Facebook oder anderen sozialen Netzwerken.<br><\/p>\n\n\n\n<h4 class=\"wp-block-heading\">Mit wem wir Ihre Daten teilen<\/h4>\n\n\n\n<p>Wir teilen Ihre Daten standardm\u00e4\u00dfig mit niemandem au\u00dfer mit der von uns verwendeten &#8222;Teilnehmerverwaltung KurVe&#8220; (siehe weiter unten).<br><\/p>\n\n\n\n<h4 class=\"wp-block-heading\">Wie lange wir Ihre Daten speichern<\/h4>\n\n\n\n<p>Wir speichern Ihre Daten nur so lange, wie es f\u00fcr die Durchf\u00fchrung unserer Gesch\u00e4ftsaktivit\u00e4ten und gem\u00e4\u00df den gesetzlichen Anforderungen an eine ordnungsgem\u00e4\u00dfe Buchf\u00fchrung bzw. ggf. anfallende Pr\u00fcfungen durch die Finanzbeh\u00f6rden unbedingt erforderlich ist.<br>Anmerkung: die gesetzliche Aufbewahrungsfrist f\u00fcr steuerlich relevante Daten betr\u00e4gt 10 Jahre. Die von uns gestellten Rechnungen und ggf. dazugeh\u00f6rige Teilnehmerdaten (z.B. Name, Adresse, Telefonnummer) unterliegen dieser Frist.<br><\/p>\n\n\n\n<h4 class=\"wp-block-heading\">Wie wir Ihre Daten sch\u00fctzen<\/h4>\n\n\n\n<p>Grunds\u00e4tzlich haben nur die Administratoren dieser Seite Zugriff auf die von Ihnen angegeben Daten. Administratoren sind die die PEKiP-Kurse durchf\u00fchrende Person sowie der mit der Betreuung dieser Seite beauftragte Angeh\u00f6rige ihrer Familie. Nur diese Personen haben Zugriff auf die Daten, die \u00fcber diese Seite verarbeitet werden.<br>Dank einer SSL-Verschl\u00fcsselung dieser Website sind alle Daten, die Sie auf dieser Seite eintragen und gegebenenfalls an uns \u00fcbermitteln, vor dem Zugriff Dritter gesch\u00fctzt.<br><\/p>\n\n\n\n<h4 class=\"wp-block-heading\">Welche Ma\u00dfnahmen wir bei Datenschutzverletzungen anbieten<\/h4>\n\n\n\n<p>Sollte es zu einem Bruch in unserem Datenschutz kommen, k\u00f6nnen Sie uns gerne direkt kontaktieren, damit wir eine individuelle L\u00f6sung zur Sicherung, Aufbewahrung oder L\u00f6schung Ihrer Daten finden k\u00f6nnen. <s>Kontaktieren Sie uns dazu bitte \u00fcber das Kontaktformular.<\/s><br><\/p>\n\n\n\n<h4 class=\"wp-block-heading\">Betroffenenrechte<\/h4>\n\n\n\n<p>Als betroffene Person haben Sie nach Art. 15 ff. DSGVO folgende Rechte.<br>Wir geben Ihnen gerne Auskunft \u00fcber die von Ihnen gespeicherten Daten &#8211; <s>verwenden Sie dazu gerne unser Kontaktformular<\/s>. Zus\u00e4tzlich k\u00f6nnen Sie jederzeit die Berichtigung, L\u00f6schung, Sperrung oder \u00dcbertragung Ihrer Daten bei uns verlangen. Weiterhin k\u00f6nnen Sie sich an die Aufsichtsbeh\u00f6rde wenden. Eine \u00dcbertragung Ihrer Interessenten- oder Kunden-Daten, die Sie in Onlineformularen eingeben, in ein Drittland findet nicht statt.<br><\/p>\n\n\n\n<h4 class=\"wp-block-heading\">Widerruf<\/h4>\n\n\n\n<p>Abgegebene Einwilligungen k\u00f6nnen Sie jederzeit widerrufen. Der Widerruf kann ohne Angabe von Gr\u00fcnden, formlos und mit Wirkung f\u00fcr die Zukunft geschehen. <s>Verwenden Sie dazu gerne unser Kontaktformular<\/s>.<br><\/p>\n\n\n\n<h4 class=\"wp-block-heading\">Eingebettete Inhalte von anderen Websites<\/h4>\n\n\n\n<p>Beitr\u00e4ge auf dieser Website k\u00f6nnen eingebettete Inhalte beinhalten (z. B. Videos, Bilder, Beitr\u00e4ge etc.). Eingebettete Inhalte von anderen Websites verhalten sich exakt so, als ob der Besucher die andere Website besucht h\u00e4tte.<br>Diese Websites k\u00f6nnen Daten \u00fcber Sie sammeln, Cookies benutzen, zus\u00e4tzliche Tracking-Dienste von Dritten einbetten und Ihre Interaktion mit diesem eingebetteten Inhalt aufzeichnen, inklusive Ihrer Interaktion mit dem eingebetteten Inhalt, falls Sie ein Konto haben und auf dieser Website angemeldet sind.<br><\/p>\n\n\n\n<h4 class=\"wp-block-heading\">Zusatzerkl\u00e4rung zur Kursanmeldung mit der &#8222;Teilnehmerverwaltung KurVe&#8220;<\/h4>\n\n\n\n<p>Wir verwenden zur Anzeige unserer Kurse und zur Kursanmeldung ein Plugin\/einen Dienst einer Software namens \u201eTeilnehmerverwaltung KurVe\u201c. F\u00fcr diese Software gilt folgende separate Zusatzerkl\u00e4rung des Betreibers:<br><br>KurVe ist eine webbasierte Software zur Kursteilnehmerverwaltung, die von der \u201ekidsgo Verlag GmbH (kidsgo)\u201c unter Einbeziehung der Nutzer entwickelt wird. Den Grunds\u00e4tzen ordnungsgem\u00e4\u00dfer Datenverarbeitung und den gesetzlichen Anforderungen wird entsprochen.<br><br>Mit der Anmeldung gibt der Nutzer sein Einverst\u00e4ndnis zur maschinellen Verarbeitung und Speicherung aller eingetragener Daten. Dieses k\u00f6nnen sein:<br>a) teilnehmerbezogene Daten: Name, Vorname, Postadresse, eMail, Telefon etc.<br>b) kursbezogene Daten: Geburtsdatum des Kindes, Alter des Kindes, Name von Geschwisterkindern, Zahlungsmodalit\u00e4ten etc.<br><br>Es wird darauf geachtet, dass nur solche Daten erhoben werden, die f\u00fcr die Kursanmeldung unbedingt erforderlich sind. Teilnehmern entsteht kein Nachteil, wenn freiwillig auszuf\u00fcllende Felder (Feld ist nicht mit einem *gekennzeichnet) leer gelassen werden. Die Daten werden nur solange gespeichert, wie zur ordnungsgem\u00e4\u00dfen Durchf\u00fchrung des Kurses und etwaiger Folgekurse notwendig bzw. wie gesetzlich vorgeschrieben. Der Verarbeitung der personenbezogenen Daten kann jederzeit widersprochen werden; der Widerspruch kann postalisch oder per Mail (siehe Impressum) erfolgen. <s>Sie k\u00f6nnen auch gerne unser Kontaktformular verwenden<\/s>.<br><\/p>\n\n\n\n<h4 class=\"wp-block-heading\">Zusatzerkl\u00e4rung zu unserem Provider<\/h4>\n\n\n\n<p>Der Provider unserer Seite (\u201eall-inkl.com\u201c) erhebt und speichert m\u00f6glicherweise automatisch Informationen, die Ihr Browser automatisch an den Provider \u00fcbermittelt. Dies k\u00f6nnen sein:<br>&#8211; Browsertyp\/Browserversion<br>&#8211; verwendetes Betriebssystem<br>&#8211; Referrer URL (die zuvor besuchte Seite)<br>&#8211; Hostname des zugreifenden Rechners<br>&#8211; Uhrzeit der Serveranfrage<\/p>\n\n\n\n<p>Wir erkl\u00e4ren dazu: wir haben auf das Provider-Verhalten keinen Einfluss und keinen Zugriff auf diese Daten.   <\/p>\n","protected":false},"excerpt":{"rendered":"<p>Liebe Eltern, willkommen zu meinen PEKiP-Kursen, die ich seit vielen Jahren gebe. Bitte lest euch meine aktuellen Teilnahmebedingungen durch, bevor ihr euch f\u00fcr einen Kurs anmeldet. Solltet ihr nur auf einer meiner Wartelisten landen, so besteht immer noch die M\u00f6glichkeit, nachtr\u00e4glich in einen Kurs zu rutschen. Bei Fragen kontaktiert mich gerne unter anke[at]babys-in-bewegung.com. Alles Liebe, [&hellip;]<\/p>\n","protected":false},"author":2,"featured_media":513,"parent":0,"menu_order":0,"comment_status":"closed","ping_status":"closed","template":"","meta":{"site-sidebar-layout":"default","site-content-layout":"","ast-site-content-layout":"default","site-content-style":"default","site-sidebar-style":"default","ast-global-header-display":"","ast-banner-title-visibility":"","ast-main-header-display":"","ast-hfb-above-header-display":"","ast-hfb-below-header-display":"","ast-hfb-mobile-header-display":"","site-post-title":"","ast-breadcrumbs-content":"","ast-featured-img":"","footer-sml-layout":"","ast-disable-related-posts":"","theme-transparent-header-meta":"","adv-header-id-meta":"","stick-header-meta":"","header-above-stick-meta":"","header-main-stick-meta":"","header-below-stick-meta":"","astra-migrate-meta-layouts":"set","ast-page-background-enabled":"default","ast-page-background-meta":{"desktop":{"background-color":"","background-image":"","background-repeat":"repeat","background-position":"center center","background-size":"auto","background-attachment":"scroll","background-type":"","background-media":"","overlay-type":"","overlay-color":"","overlay-opacity":"","overlay-gradient":""},"tablet":{"background-color":"","background-image":"","background-repeat":"repeat","background-position":"center center","background-size":"auto","background-attachment":"scroll","background-type":"","background-media":"","overlay-type":"","overlay-color":"","overlay-opacity":"","overlay-gradient":""},"mobile":{"background-color":"","background-image":"","background-repeat":"repeat","background-position":"center center","background-size":"auto","background-attachment":"scroll","background-type":"","background-media":"","overlay-type":"","overlay-color":"","overlay-opacity":"","overlay-gradient":""}},"ast-content-background-meta":{"desktop":{"background-color":"var(--ast-global-color-5)","background-image":"","background-repeat":"repeat","background-position":"center center","background-size":"auto","background-attachment":"scroll","background-type":"","background-media":"","overlay-type":"","overlay-color":"","overlay-opacity":"","overlay-gradient":""},"tablet":{"background-color":"var(--ast-global-color-5)","background-image":"","background-repeat":"repeat","background-position":"center center","background-size":"auto","background-attachment":"scroll","background-type":"","background-media":"","overlay-type":"","overlay-color":"","overlay-opacity":"","overlay-gradient":""},"mobile":{"background-color":"var(--ast-global-color-5)","background-image":"","background-repeat":"repeat","background-position":"center center","background-size":"auto","background-attachment":"scroll","background-type":"","background-media":"","overlay-type":"","overlay-color":"","overlay-opacity":"","overlay-gradient":""}},"_themeisle_gutenberg_block_has_review":false,"footnotes":""},"class_list":["post-497","page","type-page","status-publish","has-post-thumbnail","hentry"],"_links":{"self":[{"href":"https:\/\/babys-in-bewegung.com\/new\/wp-json\/wp\/v2\/pages\/497","targetHints":{"allow":["GET"]}}],"collection":[{"href":"https:\/\/babys-in-bewegung.com\/new\/wp-json\/wp\/v2\/pages"}],"about":[{"href":"https:\/\/babys-in-bewegung.com\/new\/wp-json\/wp\/v2\/types\/page"}],"author":[{"embeddable":true,"href":"https:\/\/babys-in-bewegung.com\/new\/wp-json\/wp\/v2\/users\/2"}],"replies":[{"embeddable":true,"href":"https:\/\/babys-in-bewegung.com\/new\/wp-json\/wp\/v2\/comments?post=497"}],"version-history":[{"count":9,"href":"https:\/\/babys-in-bewegung.com\/new\/wp-json\/wp\/v2\/pages\/497\/revisions"}],"predecessor-version":[{"id":544,"href":"https:\/\/babys-in-bewegung.com\/new\/wp-json\/wp\/v2\/pages\/497\/revisions\/544"}],"wp:featuredmedia":[{"embeddable":true,"href":"https:\/\/babys-in-bewegung.com\/new\/wp-json\/wp\/v2\/media\/513"}],"wp:attachment":[{"href":"https:\/\/babys-in-bewegung.com\/new\/wp-json\/wp\/v2\/media?parent=497"}],"curies":[{"name":"wp","href":"https:\/\/api.w.org\/{rel}","templated":true}]}}